{"id":8,"date":"2023-04-22T21:59:12","date_gmt":"2023-04-22T19:59:12","guid":{"rendered":"http:\/\/www.haardirekt.de\/?page_id=8"},"modified":"2023-04-23T10:47:45","modified_gmt":"2023-04-23T08:47:45","slug":"ueber-uns","status":"publish","type":"page","link":"https:\/\/www.haardirekt.de\/index.php\/ueber-uns\/","title":{"rendered":"\u00dcber uns"},"content":{"rendered":"\n<h2 class=\"wp-block-heading\"><\/h2>\n\n\n\n<p>Als Spezialist f\u00fcr Haarmedizin nehmen wir uns viel Zeit f\u00fcr eine ausf\u00fchrliche Untersuchung und ganzheitliche Analyse der m\u00f6glichen Ursachen f\u00fcr Haarausfall. Wir glauben, dass eine genaue Diagnose der Schl\u00fcssel f\u00fcr eine erfolgreiche Behandlung ist.<\/p>\n\n\n\n<p>Unsere Untersuchung umfasst eine gr\u00fcndliche Anamnese, bei der wir uns Zeit nehmen, um die individuellen Bed\u00fcrfnisse und W\u00fcnsche unserer Patienten zu verstehen. Wir befragen unsere Patienten ausf\u00fchrlich zu ihren Symptomen, ihrer Krankengeschichte, ihrer Ern\u00e4hrung und Lebensweise sowie m\u00f6glichen famili\u00e4ren Vorbelastungen.<\/p>\n\n\n\n<p>Eine k\u00f6rperliche Untersuchung der Kopfhaut und der Haare hilft uns, Hinweise auf m\u00f6gliche Ursachen f\u00fcr den Haarausfall zu finden. Wir untersuchen auch die Haarstruktur und den Haaransatz sowie eventuelle Ver\u00e4nderungen wie Entz\u00fcndungen, Schuppenbildung oder Vernarbungen.<\/p>\n\n\n\n<p>Dar\u00fcber hinaus k\u00f6nnen wir bei Bedarf weitere diagnostische Verfahren durchf\u00fchren, wie beispielsweise Blutuntersuchungen, Trichoscan-Analysen oder eine Kopfhautbiopsie. Eine ganzheitliche Analyse erm\u00f6glicht es uns, die individuelle Ursache des Haarausfalls zu ermitteln und eine ma\u00dfgeschneiderte Behandlung zu planen.<\/p>\n\n\n\n<p>Unser Ansatz zur Haarmedizin ber\u00fccksichtigt auch andere Aspekte, die zum Haarausfall beitragen k\u00f6nnen, wie Stress, Ern\u00e4hrung, Hormonhaushalt und Umweltfaktoren. Wir arbeiten eng mit unseren Patienten zusammen, um eine ganzheitliche Behandlung zu planen, die auf ihre individuellen Bed\u00fcrfnisse und W\u00fcnsche abgestimmt ist.<\/p>\n\n\n\n<p>Insgesamt ist es unser Ziel als Haarmedizin-Spezialist, unseren Patienten eine umfassende Betreuung zu bieten, die \u00fcber die reine medizinische Behandlung hinausgeht. Wir m\u00f6chten unseren Patienten helfen, ihre Haargesundheit wiederherzustellen und ihr Selbstvertrauen zu st\u00e4rken.<\/p>\n\n\n\n<p><\/p>\n","protected":false},"excerpt":{"rendered":"<p>Als Spezialist f\u00fcr Haarmedizin nehmen wir uns viel Zeit f\u00fcr eine ausf\u00fchrliche Untersuchung und ganzheitliche Analyse der m\u00f6glichen Ursachen f\u00fcr Haarausfall. Wir glauben, dass eine genaue Diagnose der Schl\u00fcssel f\u00fcr eine erfolgreiche Behandlung ist. Unsere Untersuchung umfasst eine gr\u00fcndliche Anamnese, bei der wir uns Zeit nehmen, um die individuellen Bed\u00fcrfnisse [&hellip;]<\/p>\n","protected":false},"author":1,"featured_media":0,"parent":0,"menu_order":0,"comment_status":"closed","ping_status":"closed","template":"","meta":{"footnotes":""},"class_list":["post-8","page","type-page","status-publish","hentry"],"featured_image_src":null,"_links":{"self":[{"href":"https:\/\/www.haardirekt.de\/index.php\/wp-json\/wp\/v2\/pages\/8","targetHints":{"allow":["GET"]}}],"collection":[{"href":"https:\/\/www.haardirekt.de\/index.php\/wp-json\/wp\/v2\/pages"}],"about":[{"href":"https:\/\/www.haardirekt.de\/index.php\/wp-json\/wp\/v2\/types\/page"}],"author":[{"embeddable":true,"href":"https:\/\/www.haardirekt.de\/index.php\/wp-json\/wp\/v2\/users\/1"}],"replies":[{"embeddable":true,"href":"https:\/\/www.haardirekt.de\/index.php\/wp-json\/wp\/v2\/comments?post=8"}],"version-history":[{"count":2,"href":"https:\/\/www.haardirekt.de\/index.php\/wp-json\/wp\/v2\/pages\/8\/revisions"}],"predecessor-version":[{"id":37,"href":"https:\/\/www.haardirekt.de\/index.php\/wp-json\/wp\/v2\/pages\/8\/revisions\/37"}],"wp:attachment":[{"href":"https:\/\/www.haardirekt.de\/index.php\/wp-json\/wp\/v2\/media?parent=8"}],"curies":[{"name":"wp","href":"https:\/\/api.w.org\/{rel}","templated":true}]}}