{"id":5,"date":"2023-04-22T21:51:23","date_gmt":"2023-04-22T19:51:23","guid":{"rendered":"http:\/\/www.haardirekt.de\/?page_id=5"},"modified":"2023-04-24T22:59:20","modified_gmt":"2023-04-24T20:59:20","slug":"vorstellung-des-haarzentrums","status":"publish","type":"page","link":"https:\/\/www.haardirekt.de\/","title":{"rendered":"Hilfe bei Haarausfall"},"content":{"rendered":"\n<p>Wenn Sie unter Haarausfall leiden, k\u00f6nnen Sie sich \u00fcberw\u00e4ltigt und unsicher f\u00fchlen. Es gibt viele Produkte auf dem Markt, die versprechen, Haarwuchs zu f\u00f6rdern, aber wie k\u00f6nnen Sie sicherstellen, dass Sie das beste Ergebnis erzielen?<\/p>\n\n\n\n<div class=\"wp-block-stackable-heading stk-block-heading stk-block-heading--v2 stk-block stk-d9e7732 stk-block-background\" id=\"der-mensch-als-ganzes\" data-block-id=\"d9e7732\"><style>.stk-d9e7732{background-color:rgba(229,229,229,0.6) !important;padding-top:8px !important;padding-right:8px !important;padding-bottom:8px !important;padding-left:8px !important}.stk-d9e7732:before{background-color:#E5E5E5 !important}.stk-d9e7732 .stk-block-heading__text{color:#e91e63 !important}<\/style><h4 class=\"stk-block-heading__text has-text-color has-accent-color\">Der Mensch als Ganzes<\/h4><\/div>\n\n\n\n<p>Eine ganzheitliche Behandlung kann eine effektive Hilfe f\u00fcr Haarausfall sein. Bei einer ganzheitlichen Behandlung wird nicht nur das Symptom, sondern der gesamte K\u00f6rper betrachtet. Dies bedeutet, dass die Ursache des Haarausfalls identifiziert und angegangen wird.<\/p>\n\n\n\n<p>Das Untersuchen von Haarausfall ist der erste Schritt bei der Bestimmung der Ursache. Bei der Untersuchung werden verschiedene Faktoren wie Ern\u00e4hrung, Hormone, Stress und genetische Veranlagung ber\u00fccksichtigt. k\u00f6nnen Sie die beste Behandlungsoption f\u00fcr Ihre individuellen Bed\u00fcrfnisse finden.<\/p>\n\n\n\n<div class=\"wp-block-stackable-heading stk-block-heading stk-block-heading--v2 stk-block stk-e0a3dbe stk-block-background\" id=\"wir-wollen-helfen\" data-block-id=\"e0a3dbe\"><style>.stk-e0a3dbe{background-color:rgba(229,229,229,0.6) !important;padding-top:8px !important;padding-right:8px !important;padding-bottom:8px !important;padding-left:8px !important}.stk-e0a3dbe:before{background-color:#E5E5E5 !important}.stk-e0a3dbe .stk-block-heading__text{color:#e91e63 !important}<\/style><h4 class=\"stk-block-heading__text has-text-color has-accent-color\">Wir wollen helfen<\/h4><\/div>\n\n\n\n<p>Basierend auf den Ergebnissen der Untersuchung wird f\u00fcr eine ganzheitliche Behandlung eine Kombination aus verschiedenen Therapien vorgeschlagen, wie beispielsweise:<\/p>\n\n\n\n<ul class=\"wp-block-list\">\n<li style=\"font-size:18px\">Klassische Therapie mit Medikamenten<\/li>\n\n\n\n<li style=\"font-size:18px\">Nat\u00fcrliche Medizin zur Stimulierung des Haarwachstums und zur Unterst\u00fctzung des Immunsystems<\/li>\n\n\n\n<li style=\"font-size:18px\">Mesotherapie<\/li>\n\n\n\n<li style=\"font-size:18px\">Haarverpflanzung<\/li>\n\n\n\n<li style=\"font-size:18px\">Regenerative Behandlungsans\u00e4tze<\/li>\n\n\n\n<li style=\"font-size:18px\">Camouflage der betroffenen Stellen<\/li>\n\n\n\n<li style=\"font-size:18px\">SMP &#8211; Mikropigmentierung<\/li>\n\n\n\n<li style=\"font-size:18px\">Ern\u00e4hrungsberatung und Anpassung der Ern\u00e4hrungsgewohnheiten<\/li>\n<\/ul>\n\n\n\n<p>Es ist wichtig zu beachten, dass eine erfolgreiche Behandlung Zeit und Engagement erfordert. Die Ergebnisse k\u00f6nnen nicht \u00fcber Nacht erzielt werden, aber wenn Sie sich daf\u00fcr entscheiden, die Ursache Ihres Haarausfalls zu behandeln, k\u00f6nnen Sie langfristige Ergebnisse erzielen.<\/p>\n\n\n\n<p>Wenn Sie interessiert sind, eine ganzheitliche und umfassende Behandlung f\u00fcr Ihren Haarausfall auf Basis aktueller wissenschaftlicher Erkenntnisse auszuprobieren, wenden Sie sich an uns. Gemeinsam k\u00f6nnen wir die beste Behandlungsoption f\u00fcr Ihre individuellen Bed\u00fcrfnisse finden.<\/p>\n\n\n\n<div class=\"wp-block-stackable-heading stk-block-heading stk-block-heading--v2 stk-block stk-2e9ab58 stk-block-background\" id=\"haben-sie-probleme-mit-haarausfall-und-suchen-nach-einer-losung\" data-block-id=\"2e9ab58\"><style>.stk-2e9ab58{background-color:rgba(229,229,229,0.6) !important;padding-top:8px !important;padding-right:8px !important;padding-bottom:8px !important;padding-left:8px !important}.stk-2e9ab58:before{background-color:#E5E5E5 !important}.stk-2e9ab58 .stk-block-heading__text{color:#e91e63 !important}<\/style><h3 class=\"stk-block-heading__text has-text-color has-accent-color\">Haben Sie Probleme mit Haarausfall und suchen nach einer L\u00f6sung?<\/h3><\/div>\n\n\n\n<ul class=\"wp-block-list\">\n<li style=\"font-size:18px\">Wir bieten Ihnen die M\u00f6glichkeit, Ihre Haarausfallprobleme zu untersuchen und gezielte Behandlungen zu erhalten, um das Problem zu l\u00f6sen. Unser Untersuchungszentrum ist mit modernster Technologie ausgestattet, um eine genaue Analyse Ihres Haarausfalls zu erm\u00f6glichen.<\/li>\n\n\n\n<li style=\"font-size:18px\">Wir verstehen, wie belastend Haarausfall sein kann und wie sehr er das Selbstbewusstsein beeintr\u00e4chtigen kann. Deshalb arbeiten wir hart daran, die beste L\u00f6sung f\u00fcr jeden unserer Kunden zu finden.<\/li>\n\n\n\n<li style=\"font-size:18px\">Buchen Sie jetzt einen Termin bei unserem Untersuchungszentrum und erhalten Sie eine personalisierte Untersuchung und Behandlungsoptionen, um Ihr Haarausfallproblem zu l\u00f6sen. Lassen Sie uns Ihnen helfen, Ihr volles Haarpotenzial zur\u00fcckzugewinnen!<\/li>\n<\/ul>\n\n\n<h2 style=\"font-size: 27px;letter-spacing: 0px;text-transform: None;, sans-serif;font-weight: Normal;line-height: 40px\" class=\"ub_advanced_heading wp-block-ub-advanced-heading\" id=\"ub-advanced-heading-a23d515b-e754-4fe0-8b5b-e74885d5f42b\" data-blockid=\"a23d515b-e754-4fe0-8b5b-e74885d5f42b\"><\/h2>","protected":false},"excerpt":{"rendered":"<p>Wenn Sie unter Haarausfall leiden, k\u00f6nnen Sie sich \u00fcberw\u00e4ltigt und unsicher f\u00fchlen. Es gibt viele Produkte auf dem Markt, die versprechen, Haarwuchs zu f\u00f6rdern, aber wie k\u00f6nnen Sie sicherstellen, dass Sie das beste Ergebnis erzielen? Der Mensch als Ganzes Eine ganzheitliche Behandlung kann eine effektive Hilfe f\u00fcr Haarausfall sein. Bei [&hellip;]<\/p>\n","protected":false},"author":1,"featured_media":40,"parent":0,"menu_order":0,"comment_status":"closed","ping_status":"closed","template":"","meta":{"footnotes":""},"class_list":["post-5","page","type-page","status-publish","has-post-thumbnail","hentry"],"featured_image_src":"https:\/\/www.haardirekt.de\/wp-content\/uploads\/2023\/04\/Depositphotos_4595000_1400.jpg","_links":{"self":[{"href":"https:\/\/www.haardirekt.de\/index.php\/wp-json\/wp\/v2\/pages\/5","targetHints":{"allow":["GET"]}}],"collection":[{"href":"https:\/\/www.haardirekt.de\/index.php\/wp-json\/wp\/v2\/pages"}],"about":[{"href":"https:\/\/www.haardirekt.de\/index.php\/wp-json\/wp\/v2\/types\/page"}],"author":[{"embeddable":true,"href":"https:\/\/www.haardirekt.de\/index.php\/wp-json\/wp\/v2\/users\/1"}],"replies":[{"embeddable":true,"href":"https:\/\/www.haardirekt.de\/index.php\/wp-json\/wp\/v2\/comments?post=5"}],"version-history":[{"count":19,"href":"https:\/\/www.haardirekt.de\/index.php\/wp-json\/wp\/v2\/pages\/5\/revisions"}],"predecessor-version":[{"id":70,"href":"https:\/\/www.haardirekt.de\/index.php\/wp-json\/wp\/v2\/pages\/5\/revisions\/70"}],"wp:featuredmedia":[{"embeddable":true,"href":"https:\/\/www.haardirekt.de\/index.php\/wp-json\/wp\/v2\/media\/40"}],"wp:attachment":[{"href":"https:\/\/www.haardirekt.de\/index.php\/wp-json\/wp\/v2\/media?parent=5"}],"curies":[{"name":"wp","href":"https:\/\/api.w.org\/{rel}","templated":true}]}}