{"id":33,"date":"2023-04-23T10:41:37","date_gmt":"2023-04-23T08:41:37","guid":{"rendered":"http:\/\/www.haardirekt.de\/?page_id=33"},"modified":"2023-04-23T10:41:38","modified_gmt":"2023-04-23T08:41:38","slug":"haaruntersuchung","status":"publish","type":"page","link":"https:\/\/www.haardirekt.de\/index.php\/haaruntersuchung\/","title":{"rendered":"Haaruntersuchung"},"content":{"rendered":"\n<p>Untersuchungsmethoden zur Ursachenfindung von Haarausfall:<\/p>\n\n\n\n<ol class=\"wp-block-list\">\n<li>K\u00f6rperliche Untersuchung: <br>Bei der k\u00f6rperlichen Untersuchung werden die Haare und die Kopfhaut auf Ver\u00e4nderungen wie Entz\u00fcndungen, Schuppenbildung, Vernarbungen oder andere Anomalien untersucht. Auch der Haaransatz sowie die Haarstruktur k\u00f6nnen Hinweise auf die Ursache des Haarausfalls geben. Eine genaue Inspektion des Kopfhautbereichs, an dem der Haarausfall auftritt, kann helfen, den Grad des Haarausfalls und das Vorhandensein von Alopezie zu bestimmen.<\/li>\n\n\n\n<li>Anamnese: <br>Eine ausf\u00fchrliche Anamnese kann wertvolle Informationen zur Ursache des Haarausfalls liefern. Hierbei fragt der Arzt den Patienten nach Medikamenteneinnahme, Ern\u00e4hrungsgewohnheiten, Stressfaktoren oder famili\u00e4ren Vorbelastungen. Auch hormonelle Ver\u00e4nderungen oder Erkrankungen wie Schilddr\u00fcsenerkrankungen k\u00f6nnen eine Rolle spielen.<\/li>\n\n\n\n<li>Blutuntersuchung: <br>Eine Blutuntersuchung kann wichtige Informationen zur Ursache des Haarausfalls liefern. Bestimmte Blutwerte, wie beispielsweise Eisen, Ferritin, Vitamin B12 und Fols\u00e4ure, k\u00f6nnen auf N\u00e4hrstoffm\u00e4ngel oder -defizite hinweisen. Auch Hormonspiegel oder Entz\u00fcndungsreaktionen im Blut k\u00f6nnen mittels Blutuntersuchung festgestellt werden. Ein erh\u00f6hter Spiegel des m\u00e4nnlichen Hormons Dihydrotestosteron (DHT) kann beispielsweise eine Ursache f\u00fcr den Haarausfall sein.<\/li>\n\n\n\n<li>Trichoscan: <br>Eine Trichoscan-Untersuchung ist eine nichtinvasive Methode, bei der die Haare unter Verwendung von speziellen Kameras und Software untersucht werden. Die Trichoscan-Analyse kann Auskunft \u00fcber Haardichte, Haardicke und Haarwachstumszyklen geben.<\/li>\n<\/ol>\n","protected":false},"excerpt":{"rendered":"<p>Untersuchungsmethoden zur Ursachenfindung von Haarausfall:<\/p>\n","protected":false},"author":1,"featured_media":0,"parent":0,"menu_order":0,"comment_status":"closed","ping_status":"closed","template":"","meta":{"footnotes":""},"class_list":["post-33","page","type-page","status-publish","hentry"],"featured_image_src":null,"_links":{"self":[{"href":"https:\/\/www.haardirekt.de\/index.php\/wp-json\/wp\/v2\/pages\/33","targetHints":{"allow":["GET"]}}],"collection":[{"href":"https:\/\/www.haardirekt.de\/index.php\/wp-json\/wp\/v2\/pages"}],"about":[{"href":"https:\/\/www.haardirekt.de\/index.php\/wp-json\/wp\/v2\/types\/page"}],"author":[{"embeddable":true,"href":"https:\/\/www.haardirekt.de\/index.php\/wp-json\/wp\/v2\/users\/1"}],"replies":[{"embeddable":true,"href":"https:\/\/www.haardirekt.de\/index.php\/wp-json\/wp\/v2\/comments?post=33"}],"version-history":[{"count":2,"href":"https:\/\/www.haardirekt.de\/index.php\/wp-json\/wp\/v2\/pages\/33\/revisions"}],"predecessor-version":[{"id":76,"href":"https:\/\/www.haardirekt.de\/index.php\/wp-json\/wp\/v2\/pages\/33\/revisions\/76"}],"wp:attachment":[{"href":"https:\/\/www.haardirekt.de\/index.php\/wp-json\/wp\/v2\/media?parent=33"}],"curies":[{"name":"wp","href":"https:\/\/api.w.org\/{rel}","templated":true}]}}